{"id":244,"date":"2020-12-09T21:27:56","date_gmt":"2020-12-09T20:27:56","guid":{"rendered":"http:\/\/turibrand.com\/?page_id=244"},"modified":"2020-12-09T22:10:13","modified_gmt":"2020-12-09T21:10:13","slug":"que-es-turibrand","status":"publish","type":"page","link":"https:\/\/turibrand.com\/index.php\/que-es-turibrand\/","title":{"rendered":""},"content":{"rendered":"<p>&nbsp;<\/p>\n<p>&nbsp;<\/p>\n<p><img loading=\"lazy\" class=\"aligncenter wp-image-94\" src=\"http:\/\/turibrand.com\/wp-content\/uploads\/2020\/11\/Turibrand-logo-png-300x89.png\" alt=\"\" width=\"500\" height=\"148\" srcset=\"https:\/\/turibrand.com\/wp-content\/uploads\/2020\/11\/Turibrand-logo-png-300x89.png 300w, https:\/\/turibrand.com\/wp-content\/uploads\/2020\/11\/Turibrand-logo-png-1024x302.png 1024w, https:\/\/turibrand.com\/wp-content\/uploads\/2020\/11\/Turibrand-logo-png-768x227.png 768w, https:\/\/turibrand.com\/wp-content\/uploads\/2020\/11\/Turibrand-logo-png.png 1081w\" sizes=\"(max-width: 500px) 100vw, 500px\" \/><\/p>\n<p>&nbsp;<\/p>\n<hr \/>\n<p>&nbsp;<\/p>\n<p style=\"text-align: center;\"><span style=\"font-size: 18pt;\">QU\u00c9 ES TURIBRAND<\/span><\/p>\n<p style=\"text-align: center;\"><span style=\"font-size: 18pt;\"><strong>TURIBRAND es agencia de branded content\u00a0para profesionales tur\u00edsticos. Captamos y fidelizamos creando v\u00ednculos emocionales con tus clientes.\u00a0<\/strong><strong>Multiplicamos la eficacia publicitaria gracias a nuestra especializaci\u00f3n.\u00a0<\/strong><\/span><\/p>\n<p>&nbsp;<\/p>\n<p style=\"text-align: center;\"><span style=\"font-size: 18pt;\">NUESTRAS FORTALEZAS<\/span><\/p>\n<p style=\"text-align: center;\"><span style=\"font-size: 18pt;\"><strong>Especializaci\u00f3n durante m\u00e1s de 30 a\u00f1os en los profesionales tur\u00edsticos.\u00a0<\/strong><strong>Visibilidad en los peri\u00f3dicos tur\u00edsticos de m\u00e1s audiencia en Espa\u00f1a y Am\u00e9rica.\u00a0<\/strong><strong>Personalizaci\u00f3n a medida de contenidos para mejorar la reputaci\u00f3n.\u00a0<\/strong><strong>Segmentaci\u00f3n de audiencias.\u00a0<\/strong><strong>Permanencia en buscadores y mejora del posicionamiento<\/strong><\/span><\/p>\n<p>&nbsp;<\/p>\n<p>&nbsp;<\/p>\n<p>&nbsp;<\/p>\n","protected":false},"excerpt":{"rendered":"<p>&nbsp; &nbsp; &nbsp; &nbsp; QU\u00c9 ES TURIBRAND TURIBRAND es agencia de branded content\u00a0para profesionales tur\u00edsticos. Captamos y fidelizamos creando v\u00ednculos emocionales con tus clientes.\u00a0Multiplicamos la eficacia publicitaria gracias a nuestra especializaci\u00f3n.\u00a0 &nbsp; NUESTRAS FORTALEZAS Especializaci\u00f3n durante m\u00e1s de 30 a\u00f1os en los profesionales tur\u00edsticos.\u00a0Visibilidad en los peri\u00f3dicos tur\u00edsticos de m\u00e1s audiencia en Espa\u00f1a y Am\u00e9rica.\u00a0Personalizaci\u00f3n [&hellip;]<\/p>\n","protected":false},"author":1,"featured_media":0,"parent":0,"menu_order":0,"comment_status":"closed","ping_status":"closed","template":"","meta":[],"_links":{"self":[{"href":"https:\/\/turibrand.com\/index.php\/wp-json\/wp\/v2\/pages\/244"}],"collection":[{"href":"https:\/\/turibrand.com\/index.php\/wp-json\/wp\/v2\/pages"}],"about":[{"href":"https:\/\/turibrand.com\/index.php\/wp-json\/wp\/v2\/types\/page"}],"author":[{"embeddable":true,"href":"https:\/\/turibrand.com\/index.php\/wp-json\/wp\/v2\/users\/1"}],"replies":[{"embeddable":true,"href":"https:\/\/turibrand.com\/index.php\/wp-json\/wp\/v2\/comments?post=244"}],"version-history":[{"count":4,"href":"https:\/\/turibrand.com\/index.php\/wp-json\/wp\/v2\/pages\/244\/revisions"}],"predecessor-version":[{"id":284,"href":"https:\/\/turibrand.com\/index.php\/wp-json\/wp\/v2\/pages\/244\/revisions\/284"}],"wp:attachment":[{"href":"https:\/\/turibrand.com\/index.php\/wp-json\/wp\/v2\/media?parent=244"}],"curies":[{"name":"wp","href":"https:\/\/api.w.org\/{rel}","templated":true}]}}