{"id":245,"date":"2020-12-09T21:27:56","date_gmt":"2020-12-09T20:27:56","guid":{"rendered":"http:\/\/turibrand.com\/?page_id=245"},"modified":"2020-12-09T22:02:13","modified_gmt":"2020-12-09T21:02:13","slug":"que-hacemos","status":"publish","type":"page","link":"https:\/\/turibrand.com\/index.php\/que-hacemos\/","title":{"rendered":""},"content":{"rendered":"<p>&nbsp;<\/p>\n<p style=\"text-align: center;\"><img loading=\"lazy\" class=\"alignnone wp-image-94\" src=\"http:\/\/turibrand.com\/wp-content\/uploads\/2020\/11\/Turibrand-logo-png-300x89.png\" alt=\"\" width=\"500\" height=\"148\" srcset=\"https:\/\/turibrand.com\/wp-content\/uploads\/2020\/11\/Turibrand-logo-png-300x89.png 300w, https:\/\/turibrand.com\/wp-content\/uploads\/2020\/11\/Turibrand-logo-png-1024x302.png 1024w, https:\/\/turibrand.com\/wp-content\/uploads\/2020\/11\/Turibrand-logo-png-768x227.png 768w, https:\/\/turibrand.com\/wp-content\/uploads\/2020\/11\/Turibrand-logo-png.png 1081w\" sizes=\"(max-width: 500px) 100vw, 500px\" \/><\/p>\n<p>&nbsp;<\/p>\n<p>&nbsp;<\/p>\n<p style=\"text-align: center;\"><span style=\"font-size: 18pt;\">QU\u00c9 HACEMOS<\/span><\/p>\n<p style=\"text-align: center;\"><span style=\"font-size: 18pt;\"><strong>Captamos y fidelizamos creando v\u00ednculos emocionales con tus clientes<\/strong><\/span><\/p>\n<p style=\"text-align: center;\"><span style=\"font-size: 18pt;\"><strong>Multiplicamos la eficacia publicitaria gracias a nuestra especializaci\u00f3n<\/strong><\/span><\/p>\n<p style=\"text-align: center;\"><span style=\"font-size: 18pt;\"><strong>Adaptamos el estilo al m\u00e1s efectivo seg\u00fan la plataforma de difusi\u00f3n<\/strong><\/span><\/p>\n<p>&nbsp;<\/p>\n<p>&nbsp;<\/p>\n<p style=\"text-align: center;\"><span style=\"font-size: 18pt;\">NUESTRA FILOSOF\u00cdA<\/span><\/p>\n<p style=\"text-align: center;\"><span style=\"font-size: 18pt;\"><strong>Elaboramos un nuevo periodismo para conectar marca y personas<\/strong><\/span><\/p>\n<p style=\"text-align: center;\"><span style=\"font-size: 18pt;\"><strong>Creamos \u2018engagement\u2019 mediante la empat\u00eda<\/strong><\/span><\/p>\n<p style=\"text-align: center;\"><span style=\"font-size: 18pt;\"><strong>Ensalzamos el prop\u00f3sito humano de las organizaciones<\/strong><\/span><\/p>\n<p style=\"text-align: center;\"><span style=\"font-size: 18pt;\"><strong>Inspiramos al consumidor y al talento interno<\/strong><\/span><\/p>\n<p style=\"text-align: center;\"><span style=\"font-size: 18pt;\"><strong>Proyectamos valores, transparencia y autenticidad<\/strong><\/span><\/p>\n<p>&nbsp;<\/p>\n<p>&nbsp;<\/p>\n<p>&nbsp;<\/p>\n<p>&nbsp;<\/p>\n","protected":false},"excerpt":{"rendered":"<p>&nbsp; &nbsp; &nbsp; QU\u00c9 HACEMOS Captamos y fidelizamos creando v\u00ednculos emocionales con tus clientes Multiplicamos la eficacia publicitaria gracias a nuestra especializaci\u00f3n Adaptamos el estilo al m\u00e1s efectivo seg\u00fan la plataforma de difusi\u00f3n &nbsp; &nbsp; NUESTRA FILOSOF\u00cdA Elaboramos un nuevo periodismo para conectar marca y personas Creamos \u2018engagement\u2019 mediante la empat\u00eda Ensalzamos el prop\u00f3sito humano [&hellip;]<\/p>\n","protected":false},"author":1,"featured_media":0,"parent":0,"menu_order":0,"comment_status":"closed","ping_status":"closed","template":"","meta":[],"_links":{"self":[{"href":"https:\/\/turibrand.com\/index.php\/wp-json\/wp\/v2\/pages\/245"}],"collection":[{"href":"https:\/\/turibrand.com\/index.php\/wp-json\/wp\/v2\/pages"}],"about":[{"href":"https:\/\/turibrand.com\/index.php\/wp-json\/wp\/v2\/types\/page"}],"author":[{"embeddable":true,"href":"https:\/\/turibrand.com\/index.php\/wp-json\/wp\/v2\/users\/1"}],"replies":[{"embeddable":true,"href":"https:\/\/turibrand.com\/index.php\/wp-json\/wp\/v2\/comments?post=245"}],"version-history":[{"count":3,"href":"https:\/\/turibrand.com\/index.php\/wp-json\/wp\/v2\/pages\/245\/revisions"}],"predecessor-version":[{"id":275,"href":"https:\/\/turibrand.com\/index.php\/wp-json\/wp\/v2\/pages\/245\/revisions\/275"}],"wp:attachment":[{"href":"https:\/\/turibrand.com\/index.php\/wp-json\/wp\/v2\/media?parent=245"}],"curies":[{"name":"wp","href":"https:\/\/api.w.org\/{rel}","templated":true}]}}